{"id":12,"date":"2021-02-07T16:42:49","date_gmt":"2021-02-07T15:42:49","guid":{"rendered":"http:\/\/dev.dachdeckerei-dettmer.de\/?page_id=12"},"modified":"2025-10-11T06:59:44","modified_gmt":"2025-10-11T04:59:44","slug":"ueber-uns","status":"publish","type":"page","link":"https:\/\/www.dachdeckerei-dettmer.de\/index.php\/ueber-uns\/","title":{"rendered":"\u00dcber Uns"},"content":{"rendered":"<p style=\"text-align: left;\">Wir freuen uns, dass Sie den Weg auf unsere Website gefunden und Interesse an unseren Leistungen haben!<\/p>\r\n<p style=\"text-align: left;\">Zentral zwischen Peine, Gifhorn, Braunschweig und Salzgitter finden Sie unsere Dachdeckerei im Ortsteil Meerdorf, der Gemeinde Wendeburg.<\/p>\r\n<p style=\"text-align: left;\">Un\u00adser Un\u00adter\u00adneh\u00admen ist ein an\u00ader\u00adkann\u00adter Meis\u00adter\u00adbe\u00adtrieb, der von\u00a0Dach\u00adde\u00adcker\u00admeis\u00adter Florian Dettmer im Jahr 2012 ge\u00adgr\u00fcn\u00addet wur\u00adde. Wir blicken somit auf jahrelange Erfahrung zur\u00fcck.<\/p>\r\n<p style=\"text-align: left;\">Bei uns trifft Meisterhandwerk auf Teamarbeit: Zwei Gewerke, eine gemeinsame St\u00e4rke. Unsere Meister garantieren Ihnen h\u00f6chste handwerkliche Qualit\u00e4t und einen perfekt abgestimmten Projektablauf.<\/p>\r\n<p style=\"text-align: left;\">Als Meis\u00adter- und In\u00adnungs\u00adbe\u00adtrieb sind wir ein Ga\u00adrant f\u00fcr h\u00f6chs\u00adte Qua\u00adli\u00adt\u00e4t. Unser Team von 25 Mitarbeitern, aus\u00adschlie\u00df\u00adlich Fach\u00adper\u00adso\u00adnal, dass regelm\u00e4\u00dfig geschult wird, und unsere Auszubildenden, die wir selbst ausbilden, ist f\u00fcr <strong>SIE<\/strong> im Einsatz.<\/p>\r\n<p style=\"text-align: left;\">Sie pro\u00adfi\u00adtie\u00adren so\u00adwohl von un\u00adse\u00adrem ho\u00adhen Qua\u00adli\u00adt\u00e4ts\u00adan\u00adspruch als auch von un\u00adse\u00adrem um\u00adfang\u00adrei\u00adchen Leis\u00adtungs\u00adspek\u00adtrum. Bei\u00addes zu\u00adsam\u00admen macht uns zu Ih\u00adrem idea\u00adlen Part\u00adner in al\u00adlen Fra\u00adgen rund ums Dach.<\/p>\r\n<p style=\"text-align: left;\">Von der kleinen Dachreparatur bis hin zur Errichtung von gro\u00dfen Industried\u00e4chern: unser Spektrum ist breit gef\u00e4chert. Ganz egal, wel\u00adche Auf\u00adga\u00adbe Sie uns \u00fcber\u00adtra\u00adgen: die\u00adse wird von unseren qualifizierten und motivierten Mitarbeitern stets zu Ih\u00adrer vol\u00adlen Zu\u00adfrie\u00adden\u00adheit aus\u00adge\u00adf\u00fchrt. Selbstverst\u00e4ndlich werden alle Termine p\u00fcnktlich eingehalten und unsere Kalkulation nicht \u00fcberschritten.<\/p>\r\n<p style=\"text-align: left;\">Gern beraten wir Sie vor Ort und stehen Ihnen bei allen Fragen rund um Ihr Dach zur Verf\u00fcgung.<\/p>\r\n<p><strong>Vom Bauantrag bis zum Einzug: alles aus einer Hand!<\/strong><\/p>\r\n<p><strong>Sprechen Sie uns einfach an.<\/strong><\/p>\r\n<p>F\u00fcr den pers\u00f6nlichen Kontakt steht Ihnen\u00a0<a href=\"https:\/\/dachdeckerei-dettmer.de\/index.php\/unser-team\/\">Unser Team<\/a> gerne zur Verf\u00fcgung.<\/p>\r\n\r\n<p>&nbsp;<\/p>\r\n","protected":false},"excerpt":{"rendered":"<p>Wir freuen uns, dass Sie den Weg auf unsere Website gefunden und Interesse an unseren Leistungen haben! Zentral zwischen Peine, Gifhorn, Braunschweig und Salzgitter finden Sie unsere Dachdeckerei im Ortsteil Meerdorf, der Gemeinde Wendeburg. Un\u00adser Un\u00adter\u00adneh\u00admen ist ein an\u00ader\u00adkann\u00adter Meis\u00adter\u00adbe\u00adtrieb, der von\u00a0Dach\u00adde\u00adcker\u00admeis\u00adter Florian Dettmer im Jahr 2012 ge\u00adgr\u00fcn\u00addet wur\u00adde. Wir blicken somit auf jahrelange Erfahrung &hellip;<\/p>\n","protected":false},"author":1,"featured_media":0,"parent":0,"menu_order":0,"comment_status":"closed","ping_status":"closed","template":"","meta":{"om_disable_all_campaigns":false,"_monsterinsights_skip_tracking":false,"_monsterinsights_sitenote_active":false,"_monsterinsights_sitenote_note":"","_monsterinsights_sitenote_category":0,"_uf_show_specific_survey":0,"_uf_disable_surveys":false,"footnotes":""},"class_list":["post-12","page","type-page","status-publish","hentry","no-thumb"],"_links":{"self":[{"href":"https:\/\/www.dachdeckerei-dettmer.de\/index.php\/wp-json\/wp\/v2\/pages\/12","targetHints":{"allow":["GET"]}}],"collection":[{"href":"https:\/\/www.dachdeckerei-dettmer.de\/index.php\/wp-json\/wp\/v2\/pages"}],"about":[{"href":"https:\/\/www.dachdeckerei-dettmer.de\/index.php\/wp-json\/wp\/v2\/types\/page"}],"author":[{"embeddable":true,"href":"https:\/\/www.dachdeckerei-dettmer.de\/index.php\/wp-json\/wp\/v2\/users\/1"}],"replies":[{"embeddable":true,"href":"https:\/\/www.dachdeckerei-dettmer.de\/index.php\/wp-json\/wp\/v2\/comments?post=12"}],"version-history":[{"count":17,"href":"https:\/\/www.dachdeckerei-dettmer.de\/index.php\/wp-json\/wp\/v2\/pages\/12\/revisions"}],"predecessor-version":[{"id":668,"href":"https:\/\/www.dachdeckerei-dettmer.de\/index.php\/wp-json\/wp\/v2\/pages\/12\/revisions\/668"}],"wp:attachment":[{"href":"https:\/\/www.dachdeckerei-dettmer.de\/index.php\/wp-json\/wp\/v2\/media?parent=12"}],"curies":[{"name":"wp","href":"https:\/\/api.w.org\/{rel}","templated":true}]}}