{"id":178,"date":"2021-02-09T14:04:09","date_gmt":"2021-02-09T13:04:09","guid":{"rendered":"http:\/\/dev.dachdeckerei-dettmer.de\/?page_id=178"},"modified":"2025-10-11T18:19:43","modified_gmt":"2025-10-11T16:19:43","slug":"ihre-ansprechpartner","status":"publish","type":"page","link":"https:\/\/www.dachdeckerei-dettmer.de\/index.php\/unser-team\/ihre-ansprechpartner\/","title":{"rendered":"Im B\u00fcro"},"content":{"rendered":"<figure>\r\n<p style=\"text-align: center;\"><strong>Ihre Ansprechpartner im B\u00fcro:<\/strong><\/p>\r\n<p style=\"text-align: center;\"><img loading=\"lazy\" decoding=\"async\" class=\"size-thumbnail wp-image-235 aligncenter\" src=\"https:\/\/www.dachdeckerei-dettmer.de\/wp-content\/uploads\/2021\/02\/Florian-1-150x150.jpg\" alt=\"\" width=\"150\" height=\"150\" srcset=\"https:\/\/www.dachdeckerei-dettmer.de\/wp-content\/uploads\/2021\/02\/Florian-1-150x150.jpg 150w, https:\/\/www.dachdeckerei-dettmer.de\/wp-content\/uploads\/2021\/02\/Florian-1-400x400.jpg 400w, https:\/\/www.dachdeckerei-dettmer.de\/wp-content\/uploads\/2021\/02\/Florian-1-512x512.jpg 512w\" sizes=\"auto, (max-width: 150px) 100vw, 150px\" \/><\/p>\r\n<p style=\"text-align: center;\">Dachdeckermeister Florian Dettmer<br \/>Gesch\u00e4ftsf\u00fchrer \/ Dachdeckermeister \/ Betriebswirt (HwO)<br \/><a href=\"mailto:f.dettmer@dachdeckerei-dettmer.de\">f.dettmer@dachdeckerei-dettmer.de<\/a><\/p>\r\n<p>&nbsp;<\/p>\r\n<p style=\"text-align: center;\"><img loading=\"lazy\" decoding=\"async\" class=\"alignnone size-thumbnail wp-image-508\" src=\"https:\/\/www.dachdeckerei-dettmer.de\/wp-content\/uploads\/2021\/10\/bild-folgt-ma\u0308nnl.-150x150.jpg\" alt=\"\" width=\"150\" height=\"150\" srcset=\"https:\/\/www.dachdeckerei-dettmer.de\/wp-content\/uploads\/2021\/10\/bild-folgt-ma\u0308nnl.-150x150.jpg 150w, https:\/\/www.dachdeckerei-dettmer.de\/wp-content\/uploads\/2021\/10\/bild-folgt-ma\u0308nnl.-400x400.jpg 400w\" sizes=\"auto, (max-width: 150px) 100vw, 150px\" \/><\/p>\r\n<p style=\"text-align: center;\">Nick Herberg<br \/>Angebotserstellung \/ Baustellenplanung<br \/><a href=\"mailto:n.herberg@dachdeckerei-dettmer.de\">n.herberg@dachdeckerei-dettmer.de<\/a><\/p>\r\n<p>&nbsp;<\/p>\r\n<p style=\"text-align: center;\"><img loading=\"lazy\" decoding=\"async\" class=\"alignnone size-thumbnail wp-image-508\" src=\"https:\/\/www.dachdeckerei-dettmer.de\/wp-content\/uploads\/2021\/10\/bild-folgt-ma\u0308nnl.-150x150.jpg\" alt=\"\" width=\"150\" height=\"150\" srcset=\"https:\/\/www.dachdeckerei-dettmer.de\/wp-content\/uploads\/2021\/10\/bild-folgt-ma\u0308nnl.-150x150.jpg 150w, https:\/\/www.dachdeckerei-dettmer.de\/wp-content\/uploads\/2021\/10\/bild-folgt-ma\u0308nnl.-400x400.jpg 400w\" sizes=\"auto, (max-width: 150px) 100vw, 150px\" \/><\/p>\r\n<p style=\"text-align: center;\">Rasmus Sonnenberg<br \/>Dachdeckermeister<br \/><a href=\"mailto:m.horn@dachdeckerei-dettmer.de\">R.Sonnenberg@dachdeckerei-dettmer.de<\/a><\/p>\r\n<p>&nbsp;<\/p>\r\n<p style=\"text-align: center;\"><img loading=\"lazy\" decoding=\"async\" class=\"alignnone size-thumbnail wp-image-683\" src=\"https:\/\/www.dachdeckerei-dettmer.de\/wp-content\/uploads\/2025\/10\/Daniel-150x150.jpg\" alt=\"\" width=\"150\" height=\"150\" srcset=\"https:\/\/www.dachdeckerei-dettmer.de\/wp-content\/uploads\/2025\/10\/Daniel-150x150.jpg 150w, https:\/\/www.dachdeckerei-dettmer.de\/wp-content\/uploads\/2025\/10\/Daniel-400x400.jpg 400w, https:\/\/www.dachdeckerei-dettmer.de\/wp-content\/uploads\/2025\/10\/Daniel-512x512.jpg 512w\" sizes=\"auto, (max-width: 150px) 100vw, 150px\" \/><\/p>\r\n<p style=\"text-align: center;\">Daniel Odzinski<br \/>Dachdeckermeister<br \/><a href=\"mailto:m.horn@dachdeckerei-dettmer.de\">Info@dachdeckerei-dettmer.de<\/a><\/p>\r\n<p>&nbsp;<\/p>\r\n<p style=\"text-align: center;\"><img loading=\"lazy\" decoding=\"async\" class=\"alignnone size-thumbnail wp-image-251\" src=\"https:\/\/www.dachdeckerei-dettmer.de\/wp-content\/uploads\/2021\/02\/Julia-1-150x150.jpg\" alt=\"\" width=\"150\" height=\"150\" srcset=\"https:\/\/www.dachdeckerei-dettmer.de\/wp-content\/uploads\/2021\/02\/Julia-1-150x150.jpg 150w, https:\/\/www.dachdeckerei-dettmer.de\/wp-content\/uploads\/2021\/02\/Julia-1-400x400.jpg 400w, https:\/\/www.dachdeckerei-dettmer.de\/wp-content\/uploads\/2021\/02\/Julia-1-512x512.jpg 512w\" sizes=\"auto, (max-width: 150px) 100vw, 150px\" \/><\/p>\r\n<p style=\"text-align: center;\">Julia Stuth<br \/>Rechnungsstellung<br \/><a href=\"mailto:j.stuth@dachdeckerei-dettmer.de\">j.stuth@dachdeckerei-dettmer.de<\/a><\/p>\r\n<p>&nbsp;<\/p>\r\n<p style=\"text-align: center;\"><img loading=\"lazy\" decoding=\"async\" class=\"alignnone size-thumbnail wp-image-234\" src=\"https:\/\/www.dachdeckerei-dettmer.de\/wp-content\/uploads\/2021\/02\/Ramona-150x150.jpg\" alt=\"\" width=\"150\" height=\"150\" \/><\/p>\r\n<p style=\"text-align: center;\">Ramona Volksdorf<br \/>Finanzbuchhalter \/ Lohnbuchhaltung<br \/><a href=\"mailto:r.volksdorf@dachdeckerei-dettmer.de\">r.volksdorf@dachdeckerei-dettmer.de<\/a><\/p>\r\n<p>&nbsp;<\/p>\r\n<p style=\"text-align: center;\"><img loading=\"lazy\" decoding=\"async\" class=\"alignnone size-thumbnail wp-image-508\" src=\"https:\/\/www.dachdeckerei-dettmer.de\/wp-content\/uploads\/2021\/10\/bild-folgt-ma\u0308nnl.-150x150.jpg\" alt=\"\" width=\"150\" height=\"150\" srcset=\"https:\/\/www.dachdeckerei-dettmer.de\/wp-content\/uploads\/2021\/10\/bild-folgt-ma\u0308nnl.-150x150.jpg 150w, https:\/\/www.dachdeckerei-dettmer.de\/wp-content\/uploads\/2021\/10\/bild-folgt-ma\u0308nnl.-400x400.jpg 400w\" sizes=\"auto, (max-width: 150px) 100vw, 150px\" \/><\/p>\r\n<p style=\"text-align: center;\">Maybelin Bekmann<br \/>Auszubildende Kauffrau f\u00fcr B\u00fcromanagement<br \/><a href=\"mailto:m.horn@dachdeckerei-dettmer.de\">m.Beckmann@dachdeckerei-dettmer.de<\/a><\/p>\r\n<\/figure>\r\n<p><!-- \/wp:post-content -->\r\n\r\n<!-- wp:paragraph --><\/p>\r\n<p><!-- \/wp:paragraph --><\/p>\r\n<p><!-- \/wp:column --><\/p>\r\n<p><!-- \/wp:columns --><\/p>\r\n<p><!-- \/wp:group --><\/p>\r\n<p><!-- \/wp:column --><\/p>\r\n<p><!-- \/wp:columns -->\r\n\r\n<!-- wp:paragraph --><\/p>\r\n<p><!-- \/wp:paragraph --><\/p>","protected":false},"excerpt":{"rendered":"<p>Ihre Ansprechpartner im B\u00fcro: Dachdeckermeister Florian DettmerGesch\u00e4ftsf\u00fchrer \/ Dachdeckermeister \/ Betriebswirt (HwO)f.dettmer@dachdeckerei-dettmer.de &nbsp; Nick HerbergAngebotserstellung \/ Baustellenplanungn.herberg@dachdeckerei-dettmer.de &nbsp; Rasmus SonnenbergDachdeckermeisterR.Sonnenberg@dachdeckerei-dettmer.de &nbsp; Daniel OdzinskiDachdeckermeisterInfo@dachdeckerei-dettmer.de &nbsp; Julia StuthRechnungsstellungj.stuth@dachdeckerei-dettmer.de &nbsp; Ramona VolksdorfFinanzbuchhalter \/ Lohnbuchhaltungr.volksdorf@dachdeckerei-dettmer.de &nbsp; Maybelin BekmannAuszubildende Kauffrau f\u00fcr B\u00fcromanagementm.Beckmann@dachdeckerei-dettmer.de<\/p>\n","protected":false},"author":3,"featured_media":0,"parent":126,"menu_order":0,"comment_status":"closed","ping_status":"closed","template":"","meta":{"om_disable_all_campaigns":false,"_monsterinsights_skip_tracking":false,"_monsterinsights_sitenote_active":false,"_monsterinsights_sitenote_note":"","_monsterinsights_sitenote_category":0,"_uf_show_specific_survey":0,"_uf_disable_surveys":false,"footnotes":""},"class_list":["post-178","page","type-page","status-publish","hentry","no-thumb"],"_links":{"self":[{"href":"https:\/\/www.dachdeckerei-dettmer.de\/index.php\/wp-json\/wp\/v2\/pages\/178","targetHints":{"allow":["GET"]}}],"collection":[{"href":"https:\/\/www.dachdeckerei-dettmer.de\/index.php\/wp-json\/wp\/v2\/pages"}],"about":[{"href":"https:\/\/www.dachdeckerei-dettmer.de\/index.php\/wp-json\/wp\/v2\/types\/page"}],"author":[{"embeddable":true,"href":"https:\/\/www.dachdeckerei-dettmer.de\/index.php\/wp-json\/wp\/v2\/users\/3"}],"replies":[{"embeddable":true,"href":"https:\/\/www.dachdeckerei-dettmer.de\/index.php\/wp-json\/wp\/v2\/comments?post=178"}],"version-history":[{"count":24,"href":"https:\/\/www.dachdeckerei-dettmer.de\/index.php\/wp-json\/wp\/v2\/pages\/178\/revisions"}],"predecessor-version":[{"id":685,"href":"https:\/\/www.dachdeckerei-dettmer.de\/index.php\/wp-json\/wp\/v2\/pages\/178\/revisions\/685"}],"up":[{"embeddable":true,"href":"https:\/\/www.dachdeckerei-dettmer.de\/index.php\/wp-json\/wp\/v2\/pages\/126"}],"wp:attachment":[{"href":"https:\/\/www.dachdeckerei-dettmer.de\/index.php\/wp-json\/wp\/v2\/media?parent=178"}],"curies":[{"name":"wp","href":"https:\/\/api.w.org\/{rel}","templated":true}]}}