{"id":480,"date":"2021-07-26T09:59:48","date_gmt":"2021-07-26T07:59:48","guid":{"rendered":"https:\/\/www.dachdeckerei-dettmer.de\/?page_id=480"},"modified":"2025-09-09T12:00:09","modified_gmt":"2025-09-09T10:00:09","slug":"karriere","status":"publish","type":"page","link":"https:\/\/www.dachdeckerei-dettmer.de\/index.php\/karriere\/","title":{"rendered":"Karriere"},"content":{"rendered":"<h6><\/h6>\n<h6 style=\"text-align: left;\">Wir sind ein kleines \/ mittelst\u00e4ndiges Unternehmen, zentral gelegen zwischen Hannover\/Gifhorn\/Hildesheim und Braunschweig, mit Sitz im sch\u00f6nen Meerdorf. Steil- und Flachdach, Arbeiten mit Schiefer, Dachfenster, Zimmererarbeiten, wie Holzrahmenbau, Carport oder Vord\u00e4cher geh\u00f6ren genauso zu unseren Arbeiten wie das Montieren von Photovoltaikanlagen. Zur Verst\u00e4rkung unseres Teams suchen wir zu sofort:<\/h6>\n<p><img loading=\"lazy\" decoding=\"async\" src=\"https:\/\/www.dachdeckerei-dettmer.de\/wp-content\/uploads\/2025\/08\/Bildschirmfoto-2025-08-22-um-22.01.21.png\" sizes=\"auto, (max-width: 1450px) 100vw, 1450px\" srcset=\"https:\/\/www.dachdeckerei-dettmer.de\/wp-content\/uploads\/2025\/08\/Bildschirmfoto-2025-08-22-um-22.01.21.png 1450w, https:\/\/www.dachdeckerei-dettmer.de\/wp-content\/uploads\/2025\/08\/Bildschirmfoto-2025-08-22-um-22.01.21-300x267.png 300w, https:\/\/www.dachdeckerei-dettmer.de\/wp-content\/uploads\/2025\/08\/Bildschirmfoto-2025-08-22-um-22.01.21-1024x912.png 1024w, https:\/\/www.dachdeckerei-dettmer.de\/wp-content\/uploads\/2025\/08\/Bildschirmfoto-2025-08-22-um-22.01.21-768x684.png 768w, https:\/\/www.dachdeckerei-dettmer.de\/wp-content\/uploads\/2025\/08\/Bildschirmfoto-2025-08-22-um-22.01.21-418x372.png 418w\" alt=\"\" width=\"1450\" height=\"1291\" \/><br \/>\n<img loading=\"lazy\" decoding=\"async\" src=\"https:\/\/www.dachdeckerei-dettmer.de\/wp-content\/uploads\/2025\/08\/Bildschirmfoto-2025-08-22-um-22.01.50.png\" sizes=\"auto, (max-width: 1445px) 100vw, 1445px\" srcset=\"https:\/\/www.dachdeckerei-dettmer.de\/wp-content\/uploads\/2025\/08\/Bildschirmfoto-2025-08-22-um-22.01.50.png 1445w, https:\/\/www.dachdeckerei-dettmer.de\/wp-content\/uploads\/2025\/08\/Bildschirmfoto-2025-08-22-um-22.01.50-300x267.png 300w, https:\/\/www.dachdeckerei-dettmer.de\/wp-content\/uploads\/2025\/08\/Bildschirmfoto-2025-08-22-um-22.01.50-1024x913.png 1024w, https:\/\/www.dachdeckerei-dettmer.de\/wp-content\/uploads\/2025\/08\/Bildschirmfoto-2025-08-22-um-22.01.50-768x685.png 768w, https:\/\/www.dachdeckerei-dettmer.de\/wp-content\/uploads\/2025\/08\/Bildschirmfoto-2025-08-22-um-22.01.50-418x373.png 418w\" alt=\"\" width=\"1445\" height=\"1288\" \/><\/p>\n","protected":false},"excerpt":{"rendered":"<p>Wir sind ein kleines \/ mittelst\u00e4ndiges Unternehmen, zentral gelegen zwischen Hannover\/Gifhorn\/Hildesheim und Braunschweig, mit Sitz im sch\u00f6nen Meerdorf. Steil- und Flachdach, Arbeiten mit Schiefer, Dachfenster, Zimmererarbeiten, wie Holzrahmenbau, Carport oder Vord\u00e4cher geh\u00f6ren genauso zu unseren Arbeiten wie das Montieren von Photovoltaikanlagen. Zur Verst\u00e4rkung unseres Teams suchen wir zu sofort:<\/p>\n","protected":false},"author":2,"featured_media":0,"parent":0,"menu_order":0,"comment_status":"closed","ping_status":"closed","template":"","meta":{"om_disable_all_campaigns":false,"_monsterinsights_skip_tracking":false,"_monsterinsights_sitenote_active":false,"_monsterinsights_sitenote_note":"","_monsterinsights_sitenote_category":0,"_uf_show_specific_survey":0,"_uf_disable_surveys":false,"footnotes":""},"class_list":["post-480","page","type-page","status-publish","hentry","no-thumb"],"_links":{"self":[{"href":"https:\/\/www.dachdeckerei-dettmer.de\/index.php\/wp-json\/wp\/v2\/pages\/480","targetHints":{"allow":["GET"]}}],"collection":[{"href":"https:\/\/www.dachdeckerei-dettmer.de\/index.php\/wp-json\/wp\/v2\/pages"}],"about":[{"href":"https:\/\/www.dachdeckerei-dettmer.de\/index.php\/wp-json\/wp\/v2\/types\/page"}],"author":[{"embeddable":true,"href":"https:\/\/www.dachdeckerei-dettmer.de\/index.php\/wp-json\/wp\/v2\/users\/2"}],"replies":[{"embeddable":true,"href":"https:\/\/www.dachdeckerei-dettmer.de\/index.php\/wp-json\/wp\/v2\/comments?post=480"}],"version-history":[{"count":11,"href":"https:\/\/www.dachdeckerei-dettmer.de\/index.php\/wp-json\/wp\/v2\/pages\/480\/revisions"}],"predecessor-version":[{"id":644,"href":"https:\/\/www.dachdeckerei-dettmer.de\/index.php\/wp-json\/wp\/v2\/pages\/480\/revisions\/644"}],"wp:attachment":[{"href":"https:\/\/www.dachdeckerei-dettmer.de\/index.php\/wp-json\/wp\/v2\/media?parent=480"}],"curies":[{"name":"wp","href":"https:\/\/api.w.org\/{rel}","templated":true}]}}