{"id":61,"date":"2021-02-07T19:56:26","date_gmt":"2021-02-07T18:56:26","guid":{"rendered":"http:\/\/dev.dachdeckerei-dettmer.de\/?page_id=61"},"modified":"2021-02-09T11:45:40","modified_gmt":"2021-02-09T10:45:40","slug":"flachdach","status":"publish","type":"page","link":"https:\/\/www.dachdeckerei-dettmer.de\/index.php\/leistungen\/flachdach\/","title":{"rendered":"Flachdach"},"content":{"rendered":"\n<p>Fr\u00fcher war ein Flachdach haupts\u00e4chlich bei Gewerbebauten \u00fcblich. <\/p>\n\n\n\n<p>Heute liegt das Flachdach durch die steigende Anzahl von Passivh\u00e4usern auch bei Privath\u00e4usern im Trend. Ein Flachdach ist charakteristisch f\u00fcr zeitgen\u00f6ssische moderne Geb\u00e4ude und besticht durch seine klare Form, denn die Gestaltungsm\u00f6glichkeiten bei einem Flachdach sind naturgem\u00e4\u00df<br>begrenzter als bei Steildachkonstruktionen.<\/p>\n\n\n\n<p><strong>Folgende Abdichtungsm\u00f6glichkeiten bieten wir f\u00fcr Sie\u00a0unter anderem an<\/strong>:<\/p>\n\n\n\n<ul class=\"wp-block-list\"><li>Bitumin\u00f6se Abdichtung<\/li><li>Kunststoff Abdichtung<\/li><li>Gr\u00fcnd\u00e4cher<\/li><li>Fl\u00fcssigkunststoff<\/li><\/ul>\n","protected":false},"excerpt":{"rendered":"<p>Fr\u00fcher war ein Flachdach haupts\u00e4chlich bei Gewerbebauten \u00fcblich. Heute liegt das Flachdach durch die steigende Anzahl von Passivh\u00e4usern auch bei Privath\u00e4usern im Trend. Ein Flachdach ist charakteristisch f\u00fcr zeitgen\u00f6ssische moderne Geb\u00e4ude und besticht durch seine klare Form, denn die Gestaltungsm\u00f6glichkeiten bei einem Flachdach sind naturgem\u00e4\u00dfbegrenzter als bei Steildachkonstruktionen. Folgende Abdichtungsm\u00f6glichkeiten bieten wir f\u00fcr Sie\u00a0unter anderem &hellip;<\/p>\n","protected":false},"author":1,"featured_media":0,"parent":11,"menu_order":1,"comment_status":"closed","ping_status":"closed","template":"","meta":{"om_disable_all_campaigns":false,"_monsterinsights_skip_tracking":false,"_monsterinsights_sitenote_active":false,"_monsterinsights_sitenote_note":"","_monsterinsights_sitenote_category":0,"_uf_show_specific_survey":0,"_uf_disable_surveys":false,"footnotes":""},"class_list":["post-61","page","type-page","status-publish","hentry","no-thumb"],"_links":{"self":[{"href":"https:\/\/www.dachdeckerei-dettmer.de\/index.php\/wp-json\/wp\/v2\/pages\/61","targetHints":{"allow":["GET"]}}],"collection":[{"href":"https:\/\/www.dachdeckerei-dettmer.de\/index.php\/wp-json\/wp\/v2\/pages"}],"about":[{"href":"https:\/\/www.dachdeckerei-dettmer.de\/index.php\/wp-json\/wp\/v2\/types\/page"}],"author":[{"embeddable":true,"href":"https:\/\/www.dachdeckerei-dettmer.de\/index.php\/wp-json\/wp\/v2\/users\/1"}],"replies":[{"embeddable":true,"href":"https:\/\/www.dachdeckerei-dettmer.de\/index.php\/wp-json\/wp\/v2\/comments?post=61"}],"version-history":[{"count":3,"href":"https:\/\/www.dachdeckerei-dettmer.de\/index.php\/wp-json\/wp\/v2\/pages\/61\/revisions"}],"predecessor-version":[{"id":193,"href":"https:\/\/www.dachdeckerei-dettmer.de\/index.php\/wp-json\/wp\/v2\/pages\/61\/revisions\/193"}],"up":[{"embeddable":true,"href":"https:\/\/www.dachdeckerei-dettmer.de\/index.php\/wp-json\/wp\/v2\/pages\/11"}],"wp:attachment":[{"href":"https:\/\/www.dachdeckerei-dettmer.de\/index.php\/wp-json\/wp\/v2\/media?parent=61"}],"curies":[{"name":"wp","href":"https:\/\/api.w.org\/{rel}","templated":true}]}}