{"id":67,"date":"2021-02-07T19:58:23","date_gmt":"2021-02-07T18:58:23","guid":{"rendered":"http:\/\/dev.dachdeckerei-dettmer.de\/?page_id=67"},"modified":"2021-02-10T13:01:39","modified_gmt":"2021-02-10T12:01:39","slug":"zimmererarbeiten","status":"publish","type":"page","link":"https:\/\/www.dachdeckerei-dettmer.de\/index.php\/leistungen\/zimmererarbeiten\/","title":{"rendered":"Zimmererarbeiten"},"content":{"rendered":"\n<p>Wir vereinen traditionelles Zimmererhandwerk mit Planung und professioneller Ausf\u00fchrung.<\/p>\n\n\n\n<p><strong>Unsere Leistungen f\u00fcr Sie sind<\/strong>:<\/p>\n\n\n\n<ul class=\"wp-block-list\"><li>Carports<\/li><li>Gauben<\/li><li>Winterg\u00e4rten<\/li><li>Pergola<\/li><li>Holzfassadenbau<\/li><li>Fachwerksanierung<\/li><li>Garten- und Ger\u00e4teh\u00e4user<\/li><li>Vord\u00e4cher und \u00dcberdachungen<\/li><li>Holzterrassen<\/li><li>Reparatur- und Ausbesserungsarbeiten rund ums Haus<\/li><li>Umbau und Sanierung von vorhandenen Konstruktionen<\/li><\/ul>\n\n\n\n<p><strong>Gerne erstellen wir auch nach Ihren W\u00fcnschen individuelle Holzkonstruktionen.<\/strong><\/p>\n\n\n\n<figure class=\"wp-block-image size-large\"><img loading=\"lazy\" decoding=\"async\" width=\"613\" height=\"304\" src=\"http:\/\/dev.dachdeckerei-dettmer.de\/wp-content\/uploads\/2021\/02\/Zimmererarbeiten_1.jpg\" alt=\"\" class=\"wp-image-385\" srcset=\"https:\/\/www.dachdeckerei-dettmer.de\/wp-content\/uploads\/2021\/02\/Zimmererarbeiten_1.jpg 613w, https:\/\/www.dachdeckerei-dettmer.de\/wp-content\/uploads\/2021\/02\/Zimmererarbeiten_1-300x149.jpg 300w, https:\/\/www.dachdeckerei-dettmer.de\/wp-content\/uploads\/2021\/02\/Zimmererarbeiten_1-418x207.jpg 418w\" sizes=\"auto, (max-width: 613px) 100vw, 613px\" \/><\/figure>\n","protected":false},"excerpt":{"rendered":"<p>Wir vereinen traditionelles Zimmererhandwerk mit Planung und professioneller Ausf\u00fchrung. Unsere Leistungen f\u00fcr Sie sind: Carports Gauben Winterg\u00e4rten Pergola Holzfassadenbau Fachwerksanierung Garten- und Ger\u00e4teh\u00e4user Vord\u00e4cher und \u00dcberdachungen Holzterrassen Reparatur- und Ausbesserungsarbeiten rund ums Haus Umbau und Sanierung von vorhandenen Konstruktionen Gerne erstellen wir auch nach Ihren W\u00fcnschen individuelle Holzkonstruktionen.<\/p>\n","protected":false},"author":1,"featured_media":0,"parent":11,"menu_order":5,"comment_status":"closed","ping_status":"closed","template":"","meta":{"om_disable_all_campaigns":false,"_monsterinsights_skip_tracking":false,"_monsterinsights_sitenote_active":false,"_monsterinsights_sitenote_note":"","_monsterinsights_sitenote_category":0,"_uf_show_specific_survey":0,"_uf_disable_surveys":false,"footnotes":""},"class_list":["post-67","page","type-page","status-publish","hentry","no-thumb"],"_links":{"self":[{"href":"https:\/\/www.dachdeckerei-dettmer.de\/index.php\/wp-json\/wp\/v2\/pages\/67","targetHints":{"allow":["GET"]}}],"collection":[{"href":"https:\/\/www.dachdeckerei-dettmer.de\/index.php\/wp-json\/wp\/v2\/pages"}],"about":[{"href":"https:\/\/www.dachdeckerei-dettmer.de\/index.php\/wp-json\/wp\/v2\/types\/page"}],"author":[{"embeddable":true,"href":"https:\/\/www.dachdeckerei-dettmer.de\/index.php\/wp-json\/wp\/v2\/users\/1"}],"replies":[{"embeddable":true,"href":"https:\/\/www.dachdeckerei-dettmer.de\/index.php\/wp-json\/wp\/v2\/comments?post=67"}],"version-history":[{"count":3,"href":"https:\/\/www.dachdeckerei-dettmer.de\/index.php\/wp-json\/wp\/v2\/pages\/67\/revisions"}],"predecessor-version":[{"id":386,"href":"https:\/\/www.dachdeckerei-dettmer.de\/index.php\/wp-json\/wp\/v2\/pages\/67\/revisions\/386"}],"up":[{"embeddable":true,"href":"https:\/\/www.dachdeckerei-dettmer.de\/index.php\/wp-json\/wp\/v2\/pages\/11"}],"wp:attachment":[{"href":"https:\/\/www.dachdeckerei-dettmer.de\/index.php\/wp-json\/wp\/v2\/media?parent=67"}],"curies":[{"name":"wp","href":"https:\/\/api.w.org\/{rel}","templated":true}]}}