{"id":73,"date":"2021-02-07T19:59:38","date_gmt":"2021-02-07T18:59:38","guid":{"rendered":"http:\/\/dev.dachdeckerei-dettmer.de\/?page_id=73"},"modified":"2021-02-25T10:21:28","modified_gmt":"2021-02-25T09:21:28","slug":"energetische-sanierung","status":"publish","type":"page","link":"https:\/\/www.dachdeckerei-dettmer.de\/index.php\/leistungen\/energetische-sanierung\/","title":{"rendered":"Energetische Sanierung"},"content":{"rendered":"\n<p>Sind Sie auf der Suche nach ma\u00dfgeschneiderten D\u00e4mm-L\u00f6sungen f\u00fcr Ihr Steildach, Flachdach oder Ihre Fassade?<\/p>\n\n\n\n<p>Aufgrund der gro\u00dfen Produktpalette der verschiedenen<br>D\u00e4mm-Materialien und der vielseitigen Kombinationsm\u00f6glichkeiten sollte die D\u00e4mmung nur von einem Fachmann nach den heutigen Richtlinien und<br>Bestimmungen ausgew\u00e4hlt und eingebaut werden, da es ansonsten zu<br>Sch\u00e4den aufgrund von Anwendungsfehlern kommen k\u00f6nnte.<\/p>\n\n\n\n<p>Vor Ort f\u00fchren wir auch Messungen von Oberfl\u00e4chentemperaturen und Vergleichsfeuchtigkeitsmessungen durch, um Schadensbilder genau erkennen zu k\u00f6nnen. Zus\u00e4tzlich messen wir die Luftfeuchtigkeit und die absolute Luftfeuchte, d. h. wieviel Gramm Wasser befinden sich in der Luft, um ein Sanierungskonzept besser erstellen zu k\u00f6nnen.<\/p>\n\n\n\n<p>Die geforderten U-Wert-Taupunkt-Berechnungen werden von uns f\u00fcr jedes Objekt individuell erstellt, um eine qualitativ ausgezeichnete Ausf\u00fchrung zu gew\u00e4hrleisten.<\/p>\n\n\n\n<p>Wir beraten Sie gerne und erstellen zusammen mit Ihnen ein auf Sie zugeschnittenes Angebot.<\/p>\n\n\n\n<p><\/p>\n","protected":false},"excerpt":{"rendered":"<p>Sind Sie auf der Suche nach ma\u00dfgeschneiderten D\u00e4mm-L\u00f6sungen f\u00fcr Ihr Steildach, Flachdach oder Ihre Fassade? Aufgrund der gro\u00dfen Produktpalette der verschiedenenD\u00e4mm-Materialien und der vielseitigen Kombinationsm\u00f6glichkeiten sollte die D\u00e4mmung nur von einem Fachmann nach den heutigen Richtlinien undBestimmungen ausgew\u00e4hlt und eingebaut werden, da es ansonsten zuSch\u00e4den aufgrund von Anwendungsfehlern kommen k\u00f6nnte. Vor Ort f\u00fchren wir auch &hellip;<\/p>\n","protected":false},"author":1,"featured_media":0,"parent":11,"menu_order":8,"comment_status":"closed","ping_status":"closed","template":"","meta":{"om_disable_all_campaigns":false,"_monsterinsights_skip_tracking":false,"_monsterinsights_sitenote_active":false,"_monsterinsights_sitenote_note":"","_monsterinsights_sitenote_category":0,"_uf_show_specific_survey":0,"_uf_disable_surveys":false,"footnotes":""},"class_list":["post-73","page","type-page","status-publish","hentry","no-thumb"],"_links":{"self":[{"href":"https:\/\/www.dachdeckerei-dettmer.de\/index.php\/wp-json\/wp\/v2\/pages\/73","targetHints":{"allow":["GET"]}}],"collection":[{"href":"https:\/\/www.dachdeckerei-dettmer.de\/index.php\/wp-json\/wp\/v2\/pages"}],"about":[{"href":"https:\/\/www.dachdeckerei-dettmer.de\/index.php\/wp-json\/wp\/v2\/types\/page"}],"author":[{"embeddable":true,"href":"https:\/\/www.dachdeckerei-dettmer.de\/index.php\/wp-json\/wp\/v2\/users\/1"}],"replies":[{"embeddable":true,"href":"https:\/\/www.dachdeckerei-dettmer.de\/index.php\/wp-json\/wp\/v2\/comments?post=73"}],"version-history":[{"count":6,"href":"https:\/\/www.dachdeckerei-dettmer.de\/index.php\/wp-json\/wp\/v2\/pages\/73\/revisions"}],"predecessor-version":[{"id":434,"href":"https:\/\/www.dachdeckerei-dettmer.de\/index.php\/wp-json\/wp\/v2\/pages\/73\/revisions\/434"}],"up":[{"embeddable":true,"href":"https:\/\/www.dachdeckerei-dettmer.de\/index.php\/wp-json\/wp\/v2\/pages\/11"}],"wp:attachment":[{"href":"https:\/\/www.dachdeckerei-dettmer.de\/index.php\/wp-json\/wp\/v2\/media?parent=73"}],"curies":[{"name":"wp","href":"https:\/\/api.w.org\/{rel}","templated":true}]}}