{"id":77,"date":"2021-02-07T20:00:34","date_gmt":"2021-02-07T19:00:34","guid":{"rendered":"http:\/\/dev.dachdeckerei-dettmer.de\/?page_id=77"},"modified":"2021-02-12T12:23:18","modified_gmt":"2021-02-12T11:23:18","slug":"wartung","status":"publish","type":"page","link":"https:\/\/www.dachdeckerei-dettmer.de\/index.php\/leistungen\/wartung\/","title":{"rendered":"Wartung"},"content":{"rendered":"\n<p>Auch Dach, Fassade und Dachrinne ben\u00f6tigen Wartung und Pflege um dauerhaften Schutz gegen Wind und Wetter zu bieten.<\/p>\n\n\n\n<p>Als Hausbesitzer sind Sie dar\u00fcber hinaus auch nach \u00a7 836 BGB verpflichtet, Ihrer Sorgfaltspflicht in Bezug auf Ihr Geb\u00e4ude nachzukommen. <\/p>\n\n\n\n<p>Die Versicherungen \u00fcbernehmen durch herabfallende Geb\u00e4udeteile entstandene Sach- und Personensch\u00e4den nur, wenn Sie Entsprechendes auch nachweisen k\u00f6nnen. Dies bedeutet, dass eine regelm\u00e4\u00dfige Wartung von einem Fachbetrieb durchgef\u00fchrt wurde. Am einfachsten geht dies \u00fcber einen&nbsp;Wartungsvertrag.<\/p>\n\n\n\n<p><strong>Empfohlene Wartungsintervalle<\/strong>:<\/p>\n\n\n\n<ul class=\"wp-block-list\"><li>schnellstm\u00f6glich &#8211; &nbsp;nach au\u00dfergew\u00f6hnlichen Ereignissen (Hagel, Sturm oberhalb Windst\u00e4rke 8 )<\/li><li>alle 3 Jahre \u2013 Alter des Daches ab dem 6. Jahr<\/li><li>alle 2 Jahre \u2013 Alter des Daches ab dem 15. Jahr<\/li><\/ul>\n\n\n\n<p><strong>Bei der Wartung eines Steildachs \u00fcberpr\u00fcfen wir:<\/strong><\/p>\n\n\n\n<ul class=\"wp-block-list\"><li>ob die Dacheindeckung locker oder besch\u00e4digt ist<\/li><li>ob das Regenwasser zuverl\u00e4ssig abl\u00e4uft<\/li><li>ob vorhandene Schneefanggitter stabil sind<\/li><li>ob die Rinnen oder Fallrohre verstopft oder verbogen sind<\/li><li>ob die An- und Abschl\u00fcsse rund um den Schornstein, Dachfenster und L\u00fcfter Rohre wasserundurchl\u00e4ssig sind<\/li><li>ob die Solaranlage besch\u00e4digt &nbsp;und\/ oder verdreckt ist ( verminderte Leistungsf\u00e4higkeit )<\/li><li>Windsogsicherung der Dachdeckung<\/li><li>Ersetzen von schadhaften Verm\u00f6rtelungen<\/li><\/ul>\n\n\n\n<p><strong>Bei der Wartung eines Flachdachs \u00fcberpr\u00fcfen wir:<\/strong><\/p>\n\n\n\n<ul class=\"wp-block-list\"><li>ob die Dachhaut intakt ist (sind Besch\u00e4digungen vorhanden)<\/li><li>ob Regenwasser zuverl\u00e4ssig abgef\u00fchrt wird<\/li><li>ob die Anschl\u00fcsse zu Kamin , L\u00fcfter Rohren oder Gullys wasserundurchl\u00e4ssig sind<\/li><\/ul>\n\n\n\n<p>Die im Zuge der Dachwartung ausgef\u00fchrten Arbeiten werden von uns detailliert aufgelistet.<\/p>\n\n\n\n<p>F\u00fcr eventuell anfallende Reparaturen erstellen wir Ihnen ein unverbindliches Angebot.<\/p>\n\n\n\n<p>Nach Fertigstellung der Wartung werden alle notwendigen Arbeiten aufgelistet und Ihnen in einem unverbindlichen Angebot zur Verf\u00fcgung gestellt. Des Weiteren k\u00f6nnen zeitnahe, vorhersehbare Sch\u00e4den beziffert und Budgetangebote erstellt werden, f\u00fcr die Planung der n\u00e4chsten Jahre oder zur Besprechung bei Eigent\u00fcmerversammlungen und zur Bildung von R\u00fcckstellungen.<\/p>\n\n\n\n<p><\/p>\n\n\n\n<p><\/p>\n","protected":false},"excerpt":{"rendered":"<p>Auch Dach, Fassade und Dachrinne ben\u00f6tigen Wartung und Pflege um dauerhaften Schutz gegen Wind und Wetter zu bieten. Als Hausbesitzer sind Sie dar\u00fcber hinaus auch nach \u00a7 836 BGB verpflichtet, Ihrer Sorgfaltspflicht in Bezug auf Ihr Geb\u00e4ude nachzukommen. Die Versicherungen \u00fcbernehmen durch herabfallende Geb\u00e4udeteile entstandene Sach- und Personensch\u00e4den nur, wenn Sie Entsprechendes auch nachweisen k\u00f6nnen. &hellip;<\/p>\n","protected":false},"author":1,"featured_media":0,"parent":11,"menu_order":10,"comment_status":"closed","ping_status":"closed","template":"","meta":{"om_disable_all_campaigns":false,"_monsterinsights_skip_tracking":false,"_monsterinsights_sitenote_active":false,"_monsterinsights_sitenote_note":"","_monsterinsights_sitenote_category":0,"_uf_show_specific_survey":0,"_uf_disable_surveys":false,"footnotes":""},"class_list":["post-77","page","type-page","status-publish","hentry","no-thumb"],"_links":{"self":[{"href":"https:\/\/www.dachdeckerei-dettmer.de\/index.php\/wp-json\/wp\/v2\/pages\/77","targetHints":{"allow":["GET"]}}],"collection":[{"href":"https:\/\/www.dachdeckerei-dettmer.de\/index.php\/wp-json\/wp\/v2\/pages"}],"about":[{"href":"https:\/\/www.dachdeckerei-dettmer.de\/index.php\/wp-json\/wp\/v2\/types\/page"}],"author":[{"embeddable":true,"href":"https:\/\/www.dachdeckerei-dettmer.de\/index.php\/wp-json\/wp\/v2\/users\/1"}],"replies":[{"embeddable":true,"href":"https:\/\/www.dachdeckerei-dettmer.de\/index.php\/wp-json\/wp\/v2\/comments?post=77"}],"version-history":[{"count":7,"href":"https:\/\/www.dachdeckerei-dettmer.de\/index.php\/wp-json\/wp\/v2\/pages\/77\/revisions"}],"predecessor-version":[{"id":429,"href":"https:\/\/www.dachdeckerei-dettmer.de\/index.php\/wp-json\/wp\/v2\/pages\/77\/revisions\/429"}],"up":[{"embeddable":true,"href":"https:\/\/www.dachdeckerei-dettmer.de\/index.php\/wp-json\/wp\/v2\/pages\/11"}],"wp:attachment":[{"href":"https:\/\/www.dachdeckerei-dettmer.de\/index.php\/wp-json\/wp\/v2\/media?parent=77"}],"curies":[{"name":"wp","href":"https:\/\/api.w.org\/{rel}","templated":true}]}}