{"id":94,"date":"2021-02-07T20:14:21","date_gmt":"2021-02-07T19:14:21","guid":{"rendered":"http:\/\/dev.dachdeckerei-dettmer.de\/?page_id=94"},"modified":"2025-10-11T07:19:03","modified_gmt":"2025-10-11T05:19:03","slug":"start","status":"publish","type":"page","link":"https:\/\/www.dachdeckerei-dettmer.de\/","title":{"rendered":"Start"},"content":{"rendered":"<h3 style=\"text-align: center;\" data-start=\"332\" data-end=\"377\">Willkommen bei der Dachdeckerei Dettmer<\/h3>\n<p style=\"text-align: center;\" data-start=\"378\" data-end=\"730\">Wir sorgen daf\u00fcr, dass Ihnen Ihr Dach nicht auf den Kopf f\u00e4llt \u2013 und das bereits seit 2012. Seit \u00fcber einem Jahrzehnt stehen wir f\u00fcr Qualit\u00e4t, Zuverl\u00e4ssigkeit und echtes Handwerk. Heute z\u00e4hlen wir zu den f\u00fchrenden Dachdeckerbetrieben der Region und sind mit modernster Technik, eigenen Kr\u00e4nen und einem erfahrenen Team f\u00fcr Sie im Einsatz.<\/p>\n<p style=\"text-align: center;\" data-start=\"732\" data-end=\"1067\">Ob Schr\u00e4gdach, Flachdach, Dachfenster, Reparaturen, Sanierungen oder Modernisierungen \u2013 wir bieten Ihnen individuelle L\u00f6sungen, die genau zu Ihren Vorstellungen passen. Dar\u00fcber hinaus sind wir Ihr Ansprechpartner f\u00fcr Photovoltaikanlagen (PV) und Zimmereiarbeiten \u2013 alles aus einer Hand und perfekt aufeinander abgestimmt.<\/p>\n<p style=\"text-align: center;\" data-start=\"1069\" data-end=\"1204\">Teilen Sie uns einfach mit, was Ihnen wichtig ist \u2013 wir k\u00fcmmern uns um den Rest. Fachgerecht, termintreu und mit Meisterqualit\u00e4t.<\/p>\n<p style=\"text-align: center;\" data-start=\"1206\" data-end=\"1283\"><strong data-start=\"1206\" data-end=\"1283\">Dachdeckerei Dettmer \u2013 Ihr starker Partner rund ums Dach, Holz und Solar.<\/strong><\/p>\n<figure><img decoding=\"async\" src=\"https:\/\/www.dachdeckerei-dettmer.de\/wp-content\/uploads\/2021\/02\/Kran_2-418x315.jpg\" alt=\"Kran_2\" \/><img decoding=\"async\" src=\"https:\/\/www.dachdeckerei-dettmer.de\/wp-content\/uploads\/2021\/02\/IMG_20190418_153759-418x315.jpg\" alt=\"smacap_Bright\" \/><img decoding=\"async\" src=\"https:\/\/www.dachdeckerei-dettmer.de\/wp-content\/uploads\/2021\/02\/Dachfenster-418x315.jpg\" alt=\"Dachfenster\" \/><img decoding=\"async\" src=\"https:\/\/www.dachdeckerei-dettmer.de\/wp-content\/uploads\/2021\/02\/140463357_1515212778670484_3730652467418462743_o-418x315.jpg\" alt=\"140463357_1515212778670484_3730652467418462743_o\" \/><img decoding=\"async\" src=\"https:\/\/www.dachdeckerei-dettmer.de\/wp-content\/uploads\/2021\/02\/Gruppenbild_Ausschnitt-418x315.jpg\" alt=\"Gruppenbild_Ausschnitt\" \/><img decoding=\"async\" src=\"https:\/\/www.dachdeckerei-dettmer.de\/wp-content\/uploads\/2025\/08\/AdobeStock_624265815-418x315.jpeg\" alt=\"A roofer worker in special protective workwear and gloves is seen in a building construction background\" \/><\/figure>\n<p>&nbsp;<\/p>\n","protected":false},"excerpt":{"rendered":"<p>Willkommen bei der Dachdeckerei Dettmer Wir sorgen daf\u00fcr, dass Ihnen Ihr Dach nicht auf den Kopf f\u00e4llt \u2013 und das bereits seit 2012. Seit \u00fcber einem Jahrzehnt stehen wir f\u00fcr Qualit\u00e4t, Zuverl\u00e4ssigkeit und echtes Handwerk. Heute z\u00e4hlen wir zu den f\u00fchrenden Dachdeckerbetrieben der Region und sind mit modernster Technik, eigenen Kr\u00e4nen und einem erfahrenen Team &hellip;<\/p>\n","protected":false},"author":1,"featured_media":0,"parent":0,"menu_order":0,"comment_status":"closed","ping_status":"closed","template":"","meta":{"om_disable_all_campaigns":false,"_monsterinsights_skip_tracking":false,"_monsterinsights_sitenote_active":false,"_monsterinsights_sitenote_note":"","_monsterinsights_sitenote_category":0,"_uf_show_specific_survey":0,"_uf_disable_surveys":false,"footnotes":""},"class_list":["post-94","page","type-page","status-publish","hentry","no-thumb"],"_links":{"self":[{"href":"https:\/\/www.dachdeckerei-dettmer.de\/index.php\/wp-json\/wp\/v2\/pages\/94","targetHints":{"allow":["GET"]}}],"collection":[{"href":"https:\/\/www.dachdeckerei-dettmer.de\/index.php\/wp-json\/wp\/v2\/pages"}],"about":[{"href":"https:\/\/www.dachdeckerei-dettmer.de\/index.php\/wp-json\/wp\/v2\/types\/page"}],"author":[{"embeddable":true,"href":"https:\/\/www.dachdeckerei-dettmer.de\/index.php\/wp-json\/wp\/v2\/users\/1"}],"replies":[{"embeddable":true,"href":"https:\/\/www.dachdeckerei-dettmer.de\/index.php\/wp-json\/wp\/v2\/comments?post=94"}],"version-history":[{"count":75,"href":"https:\/\/www.dachdeckerei-dettmer.de\/index.php\/wp-json\/wp\/v2\/pages\/94\/revisions"}],"predecessor-version":[{"id":671,"href":"https:\/\/www.dachdeckerei-dettmer.de\/index.php\/wp-json\/wp\/v2\/pages\/94\/revisions\/671"}],"wp:attachment":[{"href":"https:\/\/www.dachdeckerei-dettmer.de\/index.php\/wp-json\/wp\/v2\/media?parent=94"}],"curies":[{"name":"wp","href":"https:\/\/api.w.org\/{rel}","templated":true}]}}